{"id":31,"date":"2017-06-09T14:48:31","date_gmt":"2017-06-09T14:48:31","guid":{"rendered":"http:\/\/www2.unsa.edu.pe\/fip\/ingquimica\/?page_id=31"},"modified":"2019-07-05T10:19:09","modified_gmt":"2019-07-05T15:19:09","slug":"vision-y-mision","status":"publish","type":"page","link":"https:\/\/fip.unsa.edu.pe\/ingquimica\/vision-y-mision\/","title":{"rendered":"Misi\u00f3n"},"content":{"rendered":"<div class=\"cua-gri\"><\/p>\n<h1><img loading=\"lazy\" decoding=\"async\" class=\"hidden-xs alignnone size-medium wp-image-1070\" src=\"https:\/\/fip.unsa.edu.pe\/ingquimica\/wp-content\/uploads\/sites\/2\/2017\/06\/laboratorio_ing_quimica_unsa0061-360x203.jpg\" alt=\"\" width=\"360\" height=\"203\" \/>Misi\u00f3n<\/h1>\n<p>Formar ingenieros qu\u00edmicos competentes con una s\u00f3lida preparaci\u00f3n cient\u00edfico tecnol\u00f3gica, aptos para dar respuesta a las necesidades sociales a trav\u00e9s del desarrollo de su actividad laboral, con capacidades de investigar, transmitir sus conocimientos en la generaci\u00f3n de soluciones, promover el desarrollo del sector productivo, difundir la cultura cient\u00edfico-tecnol\u00f3gica y ser motor del progreso social.<\/p>\n<p><\/div>\n<p>&nbsp;<\/p>\n","protected":false},"excerpt":{"rendered":"<p>&nbsp;<\/p>\n","protected":false},"author":1,"featured_media":0,"parent":0,"menu_order":0,"comment_status":"closed","ping_status":"closed","template":"page-blanco.php","meta":{"_acf_changed":false,"footnotes":""},"class_list":["post-31","page","type-page","status-publish","hentry"],"acf":[],"_links":{"self":[{"href":"https:\/\/fip.unsa.edu.pe\/ingquimica\/wp-json\/wp\/v2\/pages\/31","targetHints":{"allow":["GET"]}}],"collection":[{"href":"https:\/\/fip.unsa.edu.pe\/ingquimica\/wp-json\/wp\/v2\/pages"}],"about":[{"href":"https:\/\/fip.unsa.edu.pe\/ingquimica\/wp-json\/wp\/v2\/types\/page"}],"author":[{"embeddable":true,"href":"https:\/\/fip.unsa.edu.pe\/ingquimica\/wp-json\/wp\/v2\/users\/1"}],"replies":[{"embeddable":true,"href":"https:\/\/fip.unsa.edu.pe\/ingquimica\/wp-json\/wp\/v2\/comments?post=31"}],"version-history":[{"count":17,"href":"https:\/\/fip.unsa.edu.pe\/ingquimica\/wp-json\/wp\/v2\/pages\/31\/revisions"}],"predecessor-version":[{"id":1696,"href":"https:\/\/fip.unsa.edu.pe\/ingquimica\/wp-json\/wp\/v2\/pages\/31\/revisions\/1696"}],"wp:attachment":[{"href":"https:\/\/fip.unsa.edu.pe\/ingquimica\/wp-json\/wp\/v2\/media?parent=31"}],"curies":[{"name":"wp","href":"https:\/\/api.w.org\/{rel}","templated":true}]}}