{"id":992,"date":"2017-06-21T18:33:19","date_gmt":"2017-06-21T18:33:19","guid":{"rendered":"http:\/\/www2.unsa.edu.pe\/fip\/ingquimica\/?page_id=992"},"modified":"2017-07-07T11:45:19","modified_gmt":"2017-07-07T11:45:19","slug":"perfil-del-postulante","status":"publish","type":"page","link":"https:\/\/fip.unsa.edu.pe\/ingquimica\/perfil-del-postulante\/","title":{"rendered":"Perfil del Postulante"},"content":{"rendered":"<p>El aspirante a la carrera de Ingenier\u00eda Qu\u00edmica debe poseer las siguientes aptitudes:<\/p>\n<ul>\n<li>Comprensi\u00f3n e inter\u00e9s por la F\u00edsica, la Qu\u00edmica, las Matem\u00e1ticas y las ciencias en general.<\/li>\n<li>Aptitud matem\u00e1tica y razonamiento abstracto.<\/li>\n<li>Capacidad para establecer adecuadas relaciones interpersonales.<\/li>\n<li>Alto sentido de responsabilidad y \u00e9tica.<\/li>\n<li>Inclinaci\u00f3n hacia la investigaci\u00f3n.<\/li>\n<\/ul>\n","protected":false},"excerpt":{"rendered":"<p>El aspirante a la carrera de Ingenier\u00eda Qu\u00edmica debe poseer las siguientes aptitudes: Comprensi\u00f3n e inter\u00e9s por la F\u00edsica, la Qu\u00edmica, las Matem\u00e1ticas y las ciencias en general. Aptitud matem\u00e1tica y razonamiento abstracto. Capacidad para establecer adecuadas relaciones interpersonales. Alto sentido de responsabilidad y \u00e9tica. Inclinaci\u00f3n hacia la investigaci\u00f3n.<\/p>\n","protected":false},"author":1,"featured_media":1112,"parent":0,"menu_order":0,"comment_status":"closed","ping_status":"closed","template":"","meta":{"_acf_changed":false,"footnotes":""},"class_list":["post-992","page","type-page","status-publish","has-post-thumbnail","hentry"],"acf":[],"_links":{"self":[{"href":"https:\/\/fip.unsa.edu.pe\/ingquimica\/wp-json\/wp\/v2\/pages\/992","targetHints":{"allow":["GET"]}}],"collection":[{"href":"https:\/\/fip.unsa.edu.pe\/ingquimica\/wp-json\/wp\/v2\/pages"}],"about":[{"href":"https:\/\/fip.unsa.edu.pe\/ingquimica\/wp-json\/wp\/v2\/types\/page"}],"author":[{"embeddable":true,"href":"https:\/\/fip.unsa.edu.pe\/ingquimica\/wp-json\/wp\/v2\/users\/1"}],"replies":[{"embeddable":true,"href":"https:\/\/fip.unsa.edu.pe\/ingquimica\/wp-json\/wp\/v2\/comments?post=992"}],"version-history":[{"count":3,"href":"https:\/\/fip.unsa.edu.pe\/ingquimica\/wp-json\/wp\/v2\/pages\/992\/revisions"}],"predecessor-version":[{"id":1163,"href":"https:\/\/fip.unsa.edu.pe\/ingquimica\/wp-json\/wp\/v2\/pages\/992\/revisions\/1163"}],"wp:featuredmedia":[{"embeddable":true,"href":"https:\/\/fip.unsa.edu.pe\/ingquimica\/wp-json\/wp\/v2\/media\/1112"}],"wp:attachment":[{"href":"https:\/\/fip.unsa.edu.pe\/ingquimica\/wp-json\/wp\/v2\/media?parent=992"}],"curies":[{"name":"wp","href":"https:\/\/api.w.org\/{rel}","templated":true}]}}