{"id":995,"date":"2017-06-21T18:34:22","date_gmt":"2017-06-21T18:34:22","guid":{"rendered":"http:\/\/www2.unsa.edu.pe\/fip\/ingquimica\/?page_id=995"},"modified":"2017-07-07T10:02:44","modified_gmt":"2017-07-07T10:02:44","slug":"que-es-ingenieria-quimica","status":"publish","type":"page","link":"https:\/\/fip.unsa.edu.pe\/ingquimica\/que-es-ingenieria-quimica\/","title":{"rendered":"\u00bfQu\u00e9 es Ingenier\u00eda Qu\u00edmica?"},"content":{"rendered":"<p>Ingenier\u00eda Qu\u00edmica es la profesi\u00f3n en la cual el conocimiento de la Matem\u00e1tica, la Qu\u00edmica y otras ciencias b\u00e1sicas adquiridas mediante el estudio, la experiencia y la pr\u00e1ctica se aplican con juicio para desarrollar maneras econ\u00f3micas de usar materiales y energ\u00eda destinados al desarrollo de la humanidad<\/p>\n","protected":false},"excerpt":{"rendered":"<p>Ingenier\u00eda Qu\u00edmica es la profesi\u00f3n en la cual el conocimiento de la Matem\u00e1tica, la Qu\u00edmica y otras ciencias b\u00e1sicas adquiridas mediante el estudio, la experiencia y la pr\u00e1ctica se aplican con juicio para desarrollar maneras econ\u00f3micas de usar materiales y energ\u00eda destinados al desarrollo de la humanidad<\/p>\n","protected":false},"author":1,"featured_media":1060,"parent":0,"menu_order":0,"comment_status":"closed","ping_status":"closed","template":"","meta":{"_acf_changed":false,"footnotes":""},"class_list":["post-995","page","type-page","status-publish","has-post-thumbnail","hentry"],"acf":[],"_links":{"self":[{"href":"https:\/\/fip.unsa.edu.pe\/ingquimica\/wp-json\/wp\/v2\/pages\/995","targetHints":{"allow":["GET"]}}],"collection":[{"href":"https:\/\/fip.unsa.edu.pe\/ingquimica\/wp-json\/wp\/v2\/pages"}],"about":[{"href":"https:\/\/fip.unsa.edu.pe\/ingquimica\/wp-json\/wp\/v2\/types\/page"}],"author":[{"embeddable":true,"href":"https:\/\/fip.unsa.edu.pe\/ingquimica\/wp-json\/wp\/v2\/users\/1"}],"replies":[{"embeddable":true,"href":"https:\/\/fip.unsa.edu.pe\/ingquimica\/wp-json\/wp\/v2\/comments?post=995"}],"version-history":[{"count":3,"href":"https:\/\/fip.unsa.edu.pe\/ingquimica\/wp-json\/wp\/v2\/pages\/995\/revisions"}],"predecessor-version":[{"id":1137,"href":"https:\/\/fip.unsa.edu.pe\/ingquimica\/wp-json\/wp\/v2\/pages\/995\/revisions\/1137"}],"wp:featuredmedia":[{"embeddable":true,"href":"https:\/\/fip.unsa.edu.pe\/ingquimica\/wp-json\/wp\/v2\/media\/1060"}],"wp:attachment":[{"href":"https:\/\/fip.unsa.edu.pe\/ingquimica\/wp-json\/wp\/v2\/media?parent=995"}],"curies":[{"name":"wp","href":"https:\/\/api.w.org\/{rel}","templated":true}]}}