{"id":997,"date":"2017-06-21T18:35:01","date_gmt":"2017-06-21T18:35:01","guid":{"rendered":"http:\/\/www2.unsa.edu.pe\/fip\/ingquimica\/?page_id=997"},"modified":"2017-07-07T09:57:34","modified_gmt":"2017-07-07T09:57:34","slug":"donde-desarrollan-sus-actividades-el-ingeniero-quimico","status":"publish","type":"page","link":"https:\/\/fip.unsa.edu.pe\/ingquimica\/donde-desarrollan-sus-actividades-el-ingeniero-quimico\/","title":{"rendered":"\u00bfD\u00f3nde desarrolla sus actividades el Ingeniero Qu\u00edmico?"},"content":{"rendered":"<ul>\n<li>Plantas industriales<\/li>\n<li>Empresas de construcci\u00f3n y\/o montaje de plantas y equipos<\/li>\n<li>Empresas proveedoras de servicios t\u00e9cnicos (como consultor\u00eda, control de calidad, mantenimiento y otras)<\/li>\n<li>Instituciones de educaci\u00f3n superior<\/li>\n<li>Centros de investigaci\u00f3n y desarrollo (industriales y\/o acad\u00e9micos)<\/li>\n<\/ul>\n","protected":false},"excerpt":{"rendered":"<p>Plantas industriales Empresas de construcci\u00f3n y\/o montaje de plantas y equipos Empresas proveedoras de servicios t\u00e9cnicos (como consultor\u00eda, control de calidad, mantenimiento y otras) Instituciones de educaci\u00f3n superior Centros de investigaci\u00f3n y desarrollo (industriales y\/o acad\u00e9micos)<\/p>\n","protected":false},"author":1,"featured_media":1083,"parent":0,"menu_order":0,"comment_status":"closed","ping_status":"closed","template":"","meta":{"_acf_changed":false,"footnotes":""},"class_list":["post-997","page","type-page","status-publish","has-post-thumbnail","hentry"],"acf":[],"_links":{"self":[{"href":"https:\/\/fip.unsa.edu.pe\/ingquimica\/wp-json\/wp\/v2\/pages\/997","targetHints":{"allow":["GET"]}}],"collection":[{"href":"https:\/\/fip.unsa.edu.pe\/ingquimica\/wp-json\/wp\/v2\/pages"}],"about":[{"href":"https:\/\/fip.unsa.edu.pe\/ingquimica\/wp-json\/wp\/v2\/types\/page"}],"author":[{"embeddable":true,"href":"https:\/\/fip.unsa.edu.pe\/ingquimica\/wp-json\/wp\/v2\/users\/1"}],"replies":[{"embeddable":true,"href":"https:\/\/fip.unsa.edu.pe\/ingquimica\/wp-json\/wp\/v2\/comments?post=997"}],"version-history":[{"count":4,"href":"https:\/\/fip.unsa.edu.pe\/ingquimica\/wp-json\/wp\/v2\/pages\/997\/revisions"}],"predecessor-version":[{"id":1135,"href":"https:\/\/fip.unsa.edu.pe\/ingquimica\/wp-json\/wp\/v2\/pages\/997\/revisions\/1135"}],"wp:featuredmedia":[{"embeddable":true,"href":"https:\/\/fip.unsa.edu.pe\/ingquimica\/wp-json\/wp\/v2\/media\/1083"}],"wp:attachment":[{"href":"https:\/\/fip.unsa.edu.pe\/ingquimica\/wp-json\/wp\/v2\/media?parent=997"}],"curies":[{"name":"wp","href":"https:\/\/api.w.org\/{rel}","templated":true}]}}